{"id":3687,"date":"2024-03-05T17:19:34","date_gmt":"2024-03-05T17:19:34","guid":{"rendered":"https:\/\/www.casadeltoner.com.mx\/productos\/?post_type=product&#038;p=3687"},"modified":"2024-03-05T17:19:34","modified_gmt":"2024-03-05T17:19:34","slug":"arch0300024","status":"publish","type":"product","link":"https:\/\/www.casadeltoner.com.mx\/productos\/producto\/arch0300024\/","title":{"rendered":"ARCH0300024"},"content":{"rendered":"<p><strong>ARCHIVERO METALICO 2 GAV 14113 NEGRO.<\/strong><\/p>\n<p>Archivero met\u00e1lico para todo tipo de espacios ejecutivos.<\/p>\n<p>Estructura met\u00e1lica con dos gavetas de almacenamiento tama\u00f1o oficio ;\u00a0gaveta superior con cerradura y juego de llaves, as\u00ed como porta etiquetas y bot\u00f3n de apertura en cada una, convirti\u00e9ndola en el elemento ideal para sumar a cualquier tipo de espacio una dosis perfecta de comodidad y buen dise\u00f1o.<\/p>\n","protected":false},"excerpt":{"rendered":"<p>ARCHIVERO METALICO 2 GAV 14113 NEGRO. Archivero met\u00e1lico para todo tipo de espacios ejecutivos. Estructura met\u00e1lica con dos gavetas de almacenamiento tama\u00f1o oficio ;\u00a0gaveta superior con cerradura y juego de llaves, as\u00ed como porta etiquetas y bot\u00f3n de apertura en cada una, convirti\u00e9ndola en el elemento ideal para sumar a cualquier tipo de espacio una [&hellip;]<\/p>\n","protected":false},"featured_media":3688,"template":"","meta":{"_regular_price":["3985"],"currency_symbol":[]},"product_brand":[],"product_cat":[60,56],"product_tag":[],"class_list":{"0":"post-3687","1":"product","2":"type-product","3":"status-publish","4":"has-post-thumbnail","6":"product_cat-archiveros","7":"product_cat-muebles-oficina","9":"first","10":"instock","11":"shipping-taxable","12":"purchasable","13":"product-type-simple"},"post_slider_layout_featured_media_urls":{"thumbnail":["https:\/\/www.casadeltoner.com.mx\/productos\/wp-content\/uploads\/2024\/03\/ARCH0300024-150x150.png",150,150,true],"post_slider_layout_landscape_large":["https:\/\/www.casadeltoner.com.mx\/productos\/wp-content\/uploads\/2024\/03\/ARCH0300024.png",591,590,false],"post_slider_layout_portrait_large":["https:\/\/www.casadeltoner.com.mx\/productos\/wp-content\/uploads\/2024\/03\/ARCH0300024.png",591,590,false],"post_slider_layout_square_large":["https:\/\/www.casadeltoner.com.mx\/productos\/wp-content\/uploads\/2024\/03\/ARCH0300024.png",591,590,false],"post_slider_layout_landscape":["https:\/\/www.casadeltoner.com.mx\/productos\/wp-content\/uploads\/2024\/03\/ARCH0300024-591x400.png",591,400,true],"post_slider_layout_portrait":["https:\/\/www.casadeltoner.com.mx\/productos\/wp-content\/uploads\/2024\/03\/ARCH0300024.png",591,590,false],"post_slider_layout_square":["https:\/\/www.casadeltoner.com.mx\/productos\/wp-content\/uploads\/2024\/03\/ARCH0300024.png",591,590,false],"full":["https:\/\/www.casadeltoner.com.mx\/productos\/wp-content\/uploads\/2024\/03\/ARCH0300024.png",591,590,false]},"_links":{"self":[{"href":"https:\/\/www.casadeltoner.com.mx\/productos\/wp-json\/wp\/v2\/product\/3687","targetHints":{"allow":["GET"]}}],"collection":[{"href":"https:\/\/www.casadeltoner.com.mx\/productos\/wp-json\/wp\/v2\/product"}],"about":[{"href":"https:\/\/www.casadeltoner.com.mx\/productos\/wp-json\/wp\/v2\/types\/product"}],"wp:featuredmedia":[{"embeddable":true,"href":"https:\/\/www.casadeltoner.com.mx\/productos\/wp-json\/wp\/v2\/media\/3688"}],"wp:attachment":[{"href":"https:\/\/www.casadeltoner.com.mx\/productos\/wp-json\/wp\/v2\/media?parent=3687"}],"wp:term":[{"taxonomy":"product_brand","embeddable":true,"href":"https:\/\/www.casadeltoner.com.mx\/productos\/wp-json\/wp\/v2\/product_brand?post=3687"},{"taxonomy":"product_cat","embeddable":true,"href":"https:\/\/www.casadeltoner.com.mx\/productos\/wp-json\/wp\/v2\/product_cat?post=3687"},{"taxonomy":"product_tag","embeddable":true,"href":"https:\/\/www.casadeltoner.com.mx\/productos\/wp-json\/wp\/v2\/product_tag?post=3687"}],"curies":[{"name":"wp","href":"https:\/\/api.w.org\/{rel}","templated":true}]}}