{"id":3618,"date":"2024-02-26T18:25:42","date_gmt":"2024-02-26T18:25:42","guid":{"rendered":"https:\/\/www.casadeltoner.com.mx\/productos\/?post_type=product&#038;p=3618"},"modified":"2025-05-16T00:33:35","modified_gmt":"2025-05-16T00:33:35","slug":"sill0362507","status":"publish","type":"product","link":"https:\/\/www.casadeltoner.com.mx\/productos\/producto\/sill0362507\/","title":{"rendered":"SILL0362507"},"content":{"rendered":"<p><strong>SILLA EJECUTIVA JM-A05 PREMIUM.<\/strong><\/p>\n<p>Cuenta con un alto respaldo de marco resistente met\u00e1lico cromado tapizado en PU con mecanismo de reclinado sencillo, descansabrazos cromados forrados con dos piezas de PU removibles por medio de un cierre en la parte inferior, asiento firme para buena postura y una base tipo estrella cromada con pist\u00f3n neum\u00e1tico que cumple la funci\u00f3n de variaci\u00f3n de altura, convirti\u00e9ndolo en el elemento ideal para sumar a cualquier tipo de espacio una dosis perfecta de comodidad y buen dise\u00f1o.<\/p>\n","protected":false},"excerpt":{"rendered":"<p>SILLA EJECUTIVA JM-A05 PREMIUM. Cuenta con un alto respaldo de marco resistente met\u00e1lico cromado tapizado en PU con mecanismo de reclinado sencillo, descansabrazos cromados forrados con dos piezas de PU removibles por medio de un cierre en la parte inferior, asiento firme para buena postura y una base tipo estrella cromada con pist\u00f3n neum\u00e1tico que [&hellip;]<\/p>\n","protected":false},"featured_media":3619,"template":"","meta":{"_regular_price":["6260"],"currency_symbol":[]},"product_brand":[],"product_cat":[56,58],"product_tag":[],"class_list":{"0":"post-3618","1":"product","2":"type-product","3":"status-publish","4":"has-post-thumbnail","6":"product_cat-muebles-oficina","7":"product_cat-sillas","9":"first","10":"instock","11":"sale","12":"shipping-taxable","13":"purchasable","14":"product-type-simple"},"post_slider_layout_featured_media_urls":{"thumbnail":["https:\/\/www.casadeltoner.com.mx\/productos\/wp-content\/uploads\/2024\/02\/SILLA-EJECUTIVA-JM-A05-PREMIUM-150x150.png",150,150,true],"post_slider_layout_landscape_large":["https:\/\/www.casadeltoner.com.mx\/productos\/wp-content\/uploads\/2024\/02\/SILLA-EJECUTIVA-JM-A05-PREMIUM.png",591,590,false],"post_slider_layout_portrait_large":["https:\/\/www.casadeltoner.com.mx\/productos\/wp-content\/uploads\/2024\/02\/SILLA-EJECUTIVA-JM-A05-PREMIUM.png",591,590,false],"post_slider_layout_square_large":["https:\/\/www.casadeltoner.com.mx\/productos\/wp-content\/uploads\/2024\/02\/SILLA-EJECUTIVA-JM-A05-PREMIUM.png",591,590,false],"post_slider_layout_landscape":["https:\/\/www.casadeltoner.com.mx\/productos\/wp-content\/uploads\/2024\/02\/SILLA-EJECUTIVA-JM-A05-PREMIUM-591x400.png",591,400,true],"post_slider_layout_portrait":["https:\/\/www.casadeltoner.com.mx\/productos\/wp-content\/uploads\/2024\/02\/SILLA-EJECUTIVA-JM-A05-PREMIUM.png",591,590,false],"post_slider_layout_square":["https:\/\/www.casadeltoner.com.mx\/productos\/wp-content\/uploads\/2024\/02\/SILLA-EJECUTIVA-JM-A05-PREMIUM.png",591,590,false],"full":["https:\/\/www.casadeltoner.com.mx\/productos\/wp-content\/uploads\/2024\/02\/SILLA-EJECUTIVA-JM-A05-PREMIUM.png",591,590,false]},"_links":{"self":[{"href":"https:\/\/www.casadeltoner.com.mx\/productos\/wp-json\/wp\/v2\/product\/3618","targetHints":{"allow":["GET"]}}],"collection":[{"href":"https:\/\/www.casadeltoner.com.mx\/productos\/wp-json\/wp\/v2\/product"}],"about":[{"href":"https:\/\/www.casadeltoner.com.mx\/productos\/wp-json\/wp\/v2\/types\/product"}],"wp:featuredmedia":[{"embeddable":true,"href":"https:\/\/www.casadeltoner.com.mx\/productos\/wp-json\/wp\/v2\/media\/3619"}],"wp:attachment":[{"href":"https:\/\/www.casadeltoner.com.mx\/productos\/wp-json\/wp\/v2\/media?parent=3618"}],"wp:term":[{"taxonomy":"product_brand","embeddable":true,"href":"https:\/\/www.casadeltoner.com.mx\/productos\/wp-json\/wp\/v2\/product_brand?post=3618"},{"taxonomy":"product_cat","embeddable":true,"href":"https:\/\/www.casadeltoner.com.mx\/productos\/wp-json\/wp\/v2\/product_cat?post=3618"},{"taxonomy":"product_tag","embeddable":true,"href":"https:\/\/www.casadeltoner.com.mx\/productos\/wp-json\/wp\/v2\/product_tag?post=3618"}],"curies":[{"name":"wp","href":"https:\/\/api.w.org\/{rel}","templated":true}]}}